{"id":2239,"date":"2025-04-09T11:11:41","date_gmt":"2025-04-09T10:11:41","guid":{"rendered":"https:\/\/fagordigitalsuite.com\/book-a-demo\/"},"modified":"2025-05-29T14:52:45","modified_gmt":"2025-05-29T13:52:45","slug":"book-a-demo","status":"publish","type":"page","link":"https:\/\/fagordigitalsuite.com\/es\/book-a-demo\/","title":{"rendered":"Book a demo"},"content":{"rendered":"\t\t<div data-elementor-type=\"wp-page\" data-elementor-id=\"2239\" class=\"elementor elementor-2239 elementor-1525\">\n\t\t\t\t<div class=\"aux-parallax-section elementor-element elementor-element-2e5f17c e-flex e-con-boxed e-con e-parent\" data-id=\"2e5f17c\" data-element_type=\"container\">\n\t\t\t\t\t<div class=\"e-con-inner\">\n\t\t\t\t<div class=\"elementor-element elementor-element-211d686 elementor-widget elementor-widget-aux_template\" data-id=\"211d686\" data-element_type=\"widget\" data-widget_type=\"aux_template.default\">\n\t\t\t\t<div class=\"elementor-widget-container\">\n\t\t\t\t\t        <div class=\"elementor-template\">\n            \t\t<div data-elementor-type=\"page\" data-elementor-id=\"2471\" class=\"elementor elementor-2471\">\n\t\t\t\t<div class=\"aux-parallax-section elementor-element elementor-element-d455bbc e-con-full e-flex e-con e-parent\" data-id=\"d455bbc\" data-element_type=\"container\">\n\t\t<div class=\"elementor-element elementor-element-d9f80d3 e-flex e-con-boxed e-con e-child\" data-id=\"d9f80d3\" data-element_type=\"container\">\n\t\t\t\t\t<div class=\"e-con-inner\">\n\t\t\t\t<div class=\"elementor-element elementor-element-078b589 elementor-widget elementor-widget-aux_breadcrumbs\" data-id=\"078b589\" data-element_type=\"widget\" data-widget_type=\"aux_breadcrumbs.default\">\n\t\t\t\t<div class=\"elementor-widget-container\">\n\t\t\t\t\t<div class=\"aux-elementor-breadcrumbs\"><p class=\"aux-breadcrumbs\"><span><span><a href=\"https:\/\/fagordigitalsuite.com\/es\/\">Home<\/a><\/span><\/span><\/p><\/div>\t\t\t\t<\/div>\n\t\t\t\t<\/div>\n\t\t\t\t<div class=\"elementor-element elementor-element-d76760a elementor-widget elementor-widget-image\" data-id=\"d76760a\" data-element_type=\"widget\" data-widget_type=\"image.default\">\n\t\t\t\t<div class=\"elementor-widget-container\">\n\t\t\t\t\t\t\t\t\t\t\t\t\t\t\t<img decoding=\"async\" src=\"https:\/\/fagordigitalsuite.com\/wp-content\/uploads\/elementor\/thumbs\/logo-fds-r64y2lxbdilqtyin8dk6oq3nt61emms9zygu8152dm.png\" title=\"logo-fds\" alt=\"logo-fds\" loading=\"lazy\" \/>\t\t\t\t\t\t\t\t\t\t\t\t\t\t\t<\/div>\n\t\t\t\t<\/div>\n\t\t\t\t<div class=\"elementor-element elementor-element-b694966 elementor-widget elementor-widget-aux_post_title\" data-id=\"b694966\" data-element_type=\"widget\" data-widget_type=\"aux_post_title.default\">\n\t\t\t\t<div class=\"elementor-widget-container\">\n\t\t\t\t\t<h1 class=\"entry-title\">Book a demo<\/h1>\t\t\t\t<\/div>\n\t\t\t\t<\/div>\n\t\t\t\t\t<\/div>\n\t\t\t\t<\/div>\n\t\t\t\t<\/div>\n\t\t\t\t<\/div>\n\t\t        <\/div>\n        \t\t\t\t<\/div>\n\t\t\t\t<\/div>\n\t\t\t\t\t<\/div>\n\t\t\t\t<\/div>\n\t\t<div class=\"aux-parallax-section elementor-element elementor-element-937d97d e-flex e-con-boxed e-con e-parent\" data-id=\"937d97d\" data-element_type=\"container\">\n\t\t\t\t\t<div class=\"e-con-inner\">\n\t\t<div class=\"elementor-element elementor-element-cf5d227 e-con-full e-flex e-con e-child\" data-id=\"cf5d227\" data-element_type=\"container\">\n\t\t<div class=\"elementor-element elementor-element-8756ed0 e-con-full e-flex e-con e-child\" data-id=\"8756ed0\" data-element_type=\"container\">\n\t\t\t\t<div class=\"elementor-element elementor-element-85f7a0f aux-appear-watch-animation aux-fade-in-up elementor-widget elementor-widget-aux_modern_heading\" data-id=\"85f7a0f\" data-element_type=\"widget\" data-widget_type=\"aux_modern_heading.default\">\n\t\t\t\t<div class=\"elementor-widget-container\">\n\t\t\t\t\t<section class=\"aux-widget-modern-heading\">\n            <div class=\"aux-widget-inner\"><h5 class=\"aux-modern-heading-primary\"><\/h5><h3 class=\"aux-modern-heading-secondary\"><span class=\"aux-head-before\">Contacta <\/span><\/h3><\/div>\n        <\/section>\t\t\t\t<\/div>\n\t\t\t\t<\/div>\n\t\t\t\t<div class=\"elementor-element elementor-element-843c4dd aux-appear-watch-animation aux-fade-in-up elementor-widget elementor-widget-aux_modern_heading\" data-id=\"843c4dd\" data-element_type=\"widget\" data-widget_type=\"aux_modern_heading.default\">\n\t\t\t\t<div class=\"elementor-widget-container\">\n\t\t\t\t\t<section class=\"aux-widget-modern-heading\">\n            <div class=\"aux-widget-inner\"><h2 class=\"aux-modern-heading-primary\"><\/h2><h3 class=\"aux-modern-heading-secondary\"><span class=\"aux-head-before\">con<\/span><span class=\"aux-head-highlight\">nuestro equipo<\/span><\/h3><\/div>\n        <\/section>\t\t\t\t<\/div>\n\t\t\t\t<\/div>\n\t\t\t\t<div class=\"elementor-element elementor-element-8d43857 aux-appear-watch-animation aux-fade-in-right elementor-widget elementor-widget-text-editor\" data-id=\"8d43857\" data-element_type=\"widget\" data-widget_type=\"text-editor.default\">\n\t\t\t\t<div class=\"elementor-widget-container\">\n\t\t\t\t\t\t\t\t\t<div class=\"aux-bus2-title-divider\">\u00a0<\/div>\t\t\t\t\t\t\t\t<\/div>\n\t\t\t\t<\/div>\n\t\t\t\t<div class=\"elementor-element elementor-element-f0e6a7a aux-appear-watch-animation aux-fade-in-up elementor-widget elementor-widget-text-editor\" data-id=\"f0e6a7a\" data-element_type=\"widget\" data-widget_type=\"text-editor.default\">\n\t\t\t\t<div class=\"elementor-widget-container\">\n\t\t\t\t\t\t\t\t\t<p><span data-sheets-root=\"1\">En <strong>Fagor Digital Suite<\/strong>, siempre estamos disponibles para ayudarte a encontrar la mejor soluci\u00f3n digital para tu negocio. Ya sea que tengas preguntas, necesites m\u00e1s informaci\u00f3n sobre nuestros servicios o quieras hablar sobre c\u00f3mo podemos colaborar en tu pr\u00f3ximo proyecto, estamos aqu\u00ed para escucharte.<br \/>Por favor, rellena el formulario a continuaci\u00f3n o cont\u00e1ctanos a trav\u00e9s de nuestros canales directos, y uno de nuestros expertos te responder\u00e1 lo antes posible.<\/span><\/p><p><span data-sheets-root=\"1\">\u00a1Esperamos conectar contigo pronto!<\/span><\/p>\t\t\t\t\t\t\t\t<\/div>\n\t\t\t\t<\/div>\n\t\t\t\t<\/div>\n\t\t<div class=\"elementor-element elementor-element-a9843d9 e-con-full e-flex e-con e-child\" data-id=\"a9843d9\" data-element_type=\"container\">\n\t\t\t\t<div class=\"elementor-element elementor-element-9407a25 aux-appear-watch-animation aux-fade-in-up elementor-widget elementor-widget-aux_modern_heading\" data-id=\"9407a25\" data-element_type=\"widget\" data-widget_type=\"aux_modern_heading.default\">\n\t\t\t\t<div class=\"elementor-widget-container\">\n\t\t\t\t\t<section class=\"aux-widget-modern-heading\">\n            <div class=\"aux-widget-inner\"><h5 class=\"aux-modern-heading-primary\">Envia un mensaje\n<\/h5><\/div>\n        <\/section>\t\t\t\t<\/div>\n\t\t\t\t<\/div>\n\t\t\t\t<div class=\"elementor-element elementor-element-f4d896d aux-appear-watch-animation aux-fade-in-up elementor-widget elementor-widget-aux_contact_form\" data-id=\"f4d896d\" data-element_type=\"widget\" data-widget_type=\"aux_contact_form.default\">\n\t\t\t\t<div class=\"elementor-widget-container\">\n\t\t\t\t\t<section class=\"widget-container aux-widget-contact-form aux-parent-au9b97d904\">            <div class=\"aux-col-wrapper aux-no-gutter\">\n            <!-- @TODO - The output for element here -->\n\n            \n<div class=\"wpcf7 no-js\" id=\"wpcf7-f1442-o1\" lang=\"en-US\" dir=\"ltr\" data-wpcf7-id=\"1442\">\n<div class=\"screen-reader-response\"><p role=\"status\" aria-live=\"polite\" aria-atomic=\"true\"><\/p> <ul><\/ul><\/div>\n<form action=\"\/es\/wp-json\/wp\/v2\/pages\/2239#wpcf7-f1442-o1\" method=\"post\" class=\"wpcf7-form init wpcf7-acceptance-as-validation\" aria-label=\"Contact form\" novalidate=\"novalidate\" data-status=\"init\">\n<div style=\"display: none;\">\n<input type=\"hidden\" name=\"_wpcf7\" value=\"1442\" \/>\n<input type=\"hidden\" name=\"_wpcf7_version\" value=\"6.0.6\" \/>\n<input type=\"hidden\" name=\"_wpcf7_locale\" value=\"en_US\" \/>\n<input type=\"hidden\" name=\"_wpcf7_unit_tag\" value=\"wpcf7-f1442-o1\" \/>\n<input type=\"hidden\" name=\"_wpcf7_container_post\" value=\"0\" \/>\n<input type=\"hidden\" name=\"_wpcf7_posted_data_hash\" value=\"\" \/>\n<\/div>\n<div class=\"form-contact\">\n\t<p><span id=\"wpcf7-69f0e0e26da4d-wrapper\" class=\"wpcf7-form-control-wrap honeypot-585-wrap\" style=\"display:none !important; visibility:hidden !important;\"><label for=\"wpcf7-69f0e0e26da4d-field\" class=\"hp-message\">Please leave this field empty.<\/label><input id=\"wpcf7-69f0e0e26da4d-field\"  class=\"wpcf7-form-control wpcf7-text\" type=\"text\" name=\"honeypot-585\" value=\"\" size=\"40\" tabindex=\"-1\" autocomplete=\"off\" \/><\/span>\n\t<\/p>\n\t<div class=\"one-half\">\n\t\t<p><label>Full name (*)<br \/>\n<span class=\"wpcf7-form-control-wrap\" data-name=\"your-name\"><input size=\"40\" maxlength=\"400\" class=\"wpcf7-form-control wpcf7-text wpcf7-validates-as-required\" autocomplete=\"name\" aria-required=\"true\" aria-invalid=\"false\" value=\"\" type=\"text\" name=\"your-name\" \/><\/span><\/label>\n\t\t<\/p>\n\t<\/div>\n\t<div class=\"one-half last\">\n\t\t<p><label>Email (*)<br \/>\n<span class=\"wpcf7-form-control-wrap\" data-name=\"your-email\"><input size=\"40\" maxlength=\"400\" class=\"wpcf7-form-control wpcf7-email wpcf7-validates-as-required wpcf7-text wpcf7-validates-as-email\" autocomplete=\"email\" aria-required=\"true\" aria-invalid=\"false\" value=\"\" type=\"email\" name=\"your-email\" \/><\/span><\/label>\n\t\t<\/p>\n\t<\/div>\n\t<div class=\"one-half\">\n\t\t<p><label>Phone number (*)<br \/>\n<span class=\"wpcf7-form-control-wrap\" data-name=\"phone\"><input size=\"40\" maxlength=\"400\" class=\"wpcf7-form-control wpcf7-tel wpcf7-validates-as-required wpcf7-text wpcf7-validates-as-tel\" aria-required=\"true\" aria-invalid=\"false\" value=\"\" type=\"tel\" name=\"phone\" \/><\/span><\/label>\n\t\t<\/p>\n\t<\/div>\n\t<div class=\"one-half last\">\n\t\t<p><label>Country (*)<br \/>\n<span class=\"wpcf7-form-control-wrap\" data-name=\"country\"><input size=\"40\" maxlength=\"400\" class=\"wpcf7-form-control wpcf7-text wpcf7-validates-as-required\" aria-required=\"true\" aria-invalid=\"false\" value=\"\" type=\"text\" name=\"country\" \/><\/span><\/label>\n\t\t<\/p>\n\t<\/div>\n\t<div class=\"one-half\">\n\t\t<p><label>Company (*)<br \/>\n<span class=\"wpcf7-form-control-wrap\" data-name=\"company\"><input size=\"40\" maxlength=\"400\" class=\"wpcf7-form-control wpcf7-text wpcf7-validates-as-required\" aria-required=\"true\" aria-invalid=\"false\" value=\"\" type=\"text\" name=\"company\" \/><\/span><\/label>\n\t\t<\/p>\n\t<\/div>\n\t<div class=\"one-half last\">\n\t\t<p><label>Position held<br \/>\n<span class=\"wpcf7-form-control-wrap\" data-name=\"position\"><input size=\"40\" maxlength=\"400\" class=\"wpcf7-form-control wpcf7-text\" aria-invalid=\"false\" value=\"\" type=\"text\" name=\"position\" \/><\/span><\/label>\n\t\t<\/p>\n\t<\/div>\n\t<div class=\"one-half\">\n\t\t<p><label>Number of machine<br \/>\n<span class=\"wpcf7-form-control-wrap\" data-name=\"machine\"><input class=\"wpcf7-form-control wpcf7-number wpcf7-validates-as-number\" min=\"1\" max=\"100\" aria-invalid=\"false\" value=\"1\" type=\"number\" name=\"machine\" \/><\/span><\/label>\n\t\t<\/p>\n\t<\/div>\n\t<div class=\"full\">\n\t\t<p><label>Message<br \/>\n<span class=\"wpcf7-form-control-wrap\" data-name=\"your-message\"><textarea cols=\"40\" rows=\"3\" maxlength=\"2000\" class=\"wpcf7-form-control wpcf7-textarea\" aria-invalid=\"false\" name=\"your-message\"><\/textarea><\/span><\/label>\n\t\t<\/p>\n\t<\/div>\n\t<div class=\"full\">\n\t\t<p><span class=\"wpcf7-form-control-wrap\" data-name=\"acceptance-167\"><span class=\"wpcf7-form-control wpcf7-acceptance\"><span class=\"wpcf7-list-item\"><label><input type=\"checkbox\" name=\"acceptance-167\" value=\"1\" aria-invalid=\"false\" \/><span class=\"wpcf7-list-item-label\">(*) I have read and accept the <a href=\"#\">Legal disclaimer and Privacy policy<\/a><\/span><\/label><\/span><\/span><\/span>\n\t\t<\/p>\n\t\t<p>(*) Required fields\n\t\t<\/p>\n\t\t<p class=\"form-mathcaptcha\">Math Captcha <span class=\"wpcf7-form-control-wrap mathcaptcha-816\">&#54;&#x36; + <input size=\"2\" maxlength=\"2\" class=\"wpcf7-form-control wpcf7-mathcaptcha\" aria-required=\"true\" type=\"text\" name=\"mathcaptcha-816\" value=\"\" \/> = &#x37;&#54;<\/span><input type=\"hidden\" value=\"0\" name=\"mathcaptcha-816-sn\" \/>\n\t\t<\/p>\n\t\t<p><input class=\"wpcf7-form-control wpcf7-submit has-spinner\" type=\"submit\" value=\"SEND NOW\" \/>\n\t\t<\/p>\n\t<\/div>\n<\/div><p style=\"display: none !important;\" class=\"akismet-fields-container\" data-prefix=\"_wpcf7_ak_\"><label>&#916;<textarea name=\"_wpcf7_ak_hp_textarea\" cols=\"45\" rows=\"8\" maxlength=\"100\"><\/textarea><\/label><input type=\"hidden\" id=\"ak_js_1\" name=\"_wpcf7_ak_js\" value=\"210\"\/><script>document.getElementById( \"ak_js_1\" ).setAttribute( \"value\", ( new Date() ).getTime() );<\/script><\/p><div class=\"wpcf7-response-output\" aria-hidden=\"true\"><\/div>\n<\/form>\n<\/div>\n\n\n            <\/div><!-- aux-col-wrapper -->\n    <\/section><!-- widget-container -->\t\t\t\t<\/div>\n\t\t\t\t<\/div>\n\t\t\t\t<\/div>\n\t\t\t\t<\/div>\n\t\t\t\t\t<\/div>\n\t\t\t\t<\/div>\n\t\t\t\t<\/div>\n\t\t","protected":false},"excerpt":{"rendered":"<p>Contacta connuestro equipo \u00a0 En Fagor Digital Suite, siempre estamos disponibles para ayudarte a encontrar la mejor soluci\u00f3n digital para tu negocio. Ya sea que tengas preguntas, necesites m\u00e1s informaci\u00f3n sobre nuestros servicios o quieras hablar sobre c\u00f3mo podemos colaborar en tu pr\u00f3ximo proyecto, estamos aqu\u00ed para escucharte.Por favor, rellena el formulario a continuaci\u00f3n o [&hellip;]<\/p>\n","protected":false},"author":1,"featured_media":0,"parent":0,"menu_order":0,"comment_status":"closed","ping_status":"closed","template":"","meta":{"footnotes":""},"class_list":["post-2239","page","type-page","status-publish","hentry"],"yoast_head":"<!-- This site is optimized with the Yoast SEO plugin v27.4 - https:\/\/yoast.com\/product\/yoast-seo-wordpress\/ -->\n<title>Book a demo - Fagor Digital Suite<\/title>\n<meta name=\"robots\" content=\"index, follow, max-snippet:-1, max-image-preview:large, max-video-preview:-1\" \/>\n<link rel=\"canonical\" href=\"https:\/\/fagordigitalsuite.com\/es\/book-a-demo\/\" \/>\n<meta property=\"og:locale\" content=\"es_ES\" \/>\n<meta property=\"og:type\" content=\"article\" \/>\n<meta property=\"og:title\" content=\"Book a demo - Fagor Digital Suite\" \/>\n<meta property=\"og:description\" content=\"Contacta connuestro equipo \u00a0 En Fagor Digital Suite, siempre estamos disponibles para ayudarte a encontrar la mejor soluci\u00f3n digital para tu negocio. Ya sea que tengas preguntas, necesites m\u00e1s informaci\u00f3n sobre nuestros servicios o quieras hablar sobre c\u00f3mo podemos colaborar en tu pr\u00f3ximo proyecto, estamos aqu\u00ed para escucharte.Por favor, rellena el formulario a continuaci\u00f3n o [&hellip;]\" \/>\n<meta property=\"og:url\" content=\"https:\/\/fagordigitalsuite.com\/es\/book-a-demo\/\" \/>\n<meta property=\"og:site_name\" content=\"Fagor Digital Suite\" \/>\n<meta property=\"article:modified_time\" content=\"2025-05-29T13:52:45+00:00\" \/>\n<meta name=\"twitter:card\" content=\"summary_large_image\" \/>\n<meta name=\"twitter:label1\" content=\"Tiempo de lectura\" \/>\n\t<meta name=\"twitter:data1\" content=\"1 minuto\" \/>\n<script type=\"application\/ld+json\" class=\"yoast-schema-graph\">{\"@context\":\"https:\\\/\\\/schema.org\",\"@graph\":[{\"@type\":\"WebPage\",\"@id\":\"https:\\\/\\\/fagordigitalsuite.com\\\/es\\\/book-a-demo\\\/\",\"url\":\"https:\\\/\\\/fagordigitalsuite.com\\\/es\\\/book-a-demo\\\/\",\"name\":\"Book a demo - Fagor Digital Suite\",\"isPartOf\":{\"@id\":\"https:\\\/\\\/fagordigitalsuite.com\\\/es\\\/#website\"},\"datePublished\":\"2025-04-09T10:11:41+00:00\",\"dateModified\":\"2025-05-29T13:52:45+00:00\",\"breadcrumb\":{\"@id\":\"https:\\\/\\\/fagordigitalsuite.com\\\/es\\\/book-a-demo\\\/#breadcrumb\"},\"inLanguage\":\"es\",\"potentialAction\":[{\"@type\":\"ReadAction\",\"target\":[\"https:\\\/\\\/fagordigitalsuite.com\\\/es\\\/book-a-demo\\\/\"]}]},{\"@type\":\"BreadcrumbList\",\"@id\":\"https:\\\/\\\/fagordigitalsuite.com\\\/es\\\/book-a-demo\\\/#breadcrumb\",\"itemListElement\":[{\"@type\":\"ListItem\",\"position\":1,\"name\":\"Home\",\"item\":\"https:\\\/\\\/fagordigitalsuite.com\\\/es\\\/\"},{\"@type\":\"ListItem\",\"position\":2,\"name\":\"Book a demo\"}]},{\"@type\":\"WebSite\",\"@id\":\"https:\\\/\\\/fagordigitalsuite.com\\\/es\\\/#website\",\"url\":\"https:\\\/\\\/fagordigitalsuite.com\\\/es\\\/\",\"name\":\"Fagor Digital Suite\",\"description\":\"Fagor Digital Suite\",\"publisher\":{\"@id\":\"https:\\\/\\\/fagordigitalsuite.com\\\/es\\\/#organization\"},\"potentialAction\":[{\"@type\":\"SearchAction\",\"target\":{\"@type\":\"EntryPoint\",\"urlTemplate\":\"https:\\\/\\\/fagordigitalsuite.com\\\/es\\\/?s={search_term_string}\"},\"query-input\":{\"@type\":\"PropertyValueSpecification\",\"valueRequired\":true,\"valueName\":\"search_term_string\"}}],\"inLanguage\":\"es\"},{\"@type\":\"Organization\",\"@id\":\"https:\\\/\\\/fagordigitalsuite.com\\\/es\\\/#organization\",\"name\":\"Fagor Digital Suite\",\"url\":\"https:\\\/\\\/fagordigitalsuite.com\\\/es\\\/\",\"logo\":{\"@type\":\"ImageObject\",\"inLanguage\":\"es\",\"@id\":\"https:\\\/\\\/fagordigitalsuite.com\\\/es\\\/#\\\/schema\\\/logo\\\/image\\\/\",\"url\":\"https:\\\/\\\/fagordigitalsuite.com\\\/wp-content\\\/uploads\\\/2020\\\/03\\\/logo-fagorautomation.png\",\"contentUrl\":\"https:\\\/\\\/fagordigitalsuite.com\\\/wp-content\\\/uploads\\\/2020\\\/03\\\/logo-fagorautomation.png\",\"width\":134,\"height\":47,\"caption\":\"Fagor Digital Suite\"},\"image\":{\"@id\":\"https:\\\/\\\/fagordigitalsuite.com\\\/es\\\/#\\\/schema\\\/logo\\\/image\\\/\"}}]}<\/script>\n<!-- \/ Yoast SEO plugin. -->","yoast_head_json":{"title":"Book a demo - Fagor Digital Suite","robots":{"index":"index","follow":"follow","max-snippet":"max-snippet:-1","max-image-preview":"max-image-preview:large","max-video-preview":"max-video-preview:-1"},"canonical":"https:\/\/fagordigitalsuite.com\/es\/book-a-demo\/","og_locale":"es_ES","og_type":"article","og_title":"Book a demo - Fagor Digital Suite","og_description":"Contacta connuestro equipo \u00a0 En Fagor Digital Suite, siempre estamos disponibles para ayudarte a encontrar la mejor soluci\u00f3n digital para tu negocio. Ya sea que tengas preguntas, necesites m\u00e1s informaci\u00f3n sobre nuestros servicios o quieras hablar sobre c\u00f3mo podemos colaborar en tu pr\u00f3ximo proyecto, estamos aqu\u00ed para escucharte.Por favor, rellena el formulario a continuaci\u00f3n o [&hellip;]","og_url":"https:\/\/fagordigitalsuite.com\/es\/book-a-demo\/","og_site_name":"Fagor Digital Suite","article_modified_time":"2025-05-29T13:52:45+00:00","twitter_card":"summary_large_image","twitter_misc":{"Tiempo de lectura":"1 minuto"},"schema":{"@context":"https:\/\/schema.org","@graph":[{"@type":"WebPage","@id":"https:\/\/fagordigitalsuite.com\/es\/book-a-demo\/","url":"https:\/\/fagordigitalsuite.com\/es\/book-a-demo\/","name":"Book a demo - Fagor Digital Suite","isPartOf":{"@id":"https:\/\/fagordigitalsuite.com\/es\/#website"},"datePublished":"2025-04-09T10:11:41+00:00","dateModified":"2025-05-29T13:52:45+00:00","breadcrumb":{"@id":"https:\/\/fagordigitalsuite.com\/es\/book-a-demo\/#breadcrumb"},"inLanguage":"es","potentialAction":[{"@type":"ReadAction","target":["https:\/\/fagordigitalsuite.com\/es\/book-a-demo\/"]}]},{"@type":"BreadcrumbList","@id":"https:\/\/fagordigitalsuite.com\/es\/book-a-demo\/#breadcrumb","itemListElement":[{"@type":"ListItem","position":1,"name":"Home","item":"https:\/\/fagordigitalsuite.com\/es\/"},{"@type":"ListItem","position":2,"name":"Book a demo"}]},{"@type":"WebSite","@id":"https:\/\/fagordigitalsuite.com\/es\/#website","url":"https:\/\/fagordigitalsuite.com\/es\/","name":"Fagor Digital Suite","description":"Fagor Digital Suite","publisher":{"@id":"https:\/\/fagordigitalsuite.com\/es\/#organization"},"potentialAction":[{"@type":"SearchAction","target":{"@type":"EntryPoint","urlTemplate":"https:\/\/fagordigitalsuite.com\/es\/?s={search_term_string}"},"query-input":{"@type":"PropertyValueSpecification","valueRequired":true,"valueName":"search_term_string"}}],"inLanguage":"es"},{"@type":"Organization","@id":"https:\/\/fagordigitalsuite.com\/es\/#organization","name":"Fagor Digital Suite","url":"https:\/\/fagordigitalsuite.com\/es\/","logo":{"@type":"ImageObject","inLanguage":"es","@id":"https:\/\/fagordigitalsuite.com\/es\/#\/schema\/logo\/image\/","url":"https:\/\/fagordigitalsuite.com\/wp-content\/uploads\/2020\/03\/logo-fagorautomation.png","contentUrl":"https:\/\/fagordigitalsuite.com\/wp-content\/uploads\/2020\/03\/logo-fagorautomation.png","width":134,"height":47,"caption":"Fagor Digital Suite"},"image":{"@id":"https:\/\/fagordigitalsuite.com\/es\/#\/schema\/logo\/image\/"}}]}},"_links":{"self":[{"href":"https:\/\/fagordigitalsuite.com\/es\/wp-json\/wp\/v2\/pages\/2239","targetHints":{"allow":["GET"]}}],"collection":[{"href":"https:\/\/fagordigitalsuite.com\/es\/wp-json\/wp\/v2\/pages"}],"about":[{"href":"https:\/\/fagordigitalsuite.com\/es\/wp-json\/wp\/v2\/types\/page"}],"author":[{"embeddable":true,"href":"https:\/\/fagordigitalsuite.com\/es\/wp-json\/wp\/v2\/users\/1"}],"replies":[{"embeddable":true,"href":"https:\/\/fagordigitalsuite.com\/es\/wp-json\/wp\/v2\/comments?post=2239"}],"version-history":[{"count":9,"href":"https:\/\/fagordigitalsuite.com\/es\/wp-json\/wp\/v2\/pages\/2239\/revisions"}],"predecessor-version":[{"id":3111,"href":"https:\/\/fagordigitalsuite.com\/es\/wp-json\/wp\/v2\/pages\/2239\/revisions\/3111"}],"wp:attachment":[{"href":"https:\/\/fagordigitalsuite.com\/es\/wp-json\/wp\/v2\/media?parent=2239"}],"curies":[{"name":"wp","href":"https:\/\/api.w.org\/{rel}","templated":true}]}}