{"id":2731,"date":"2025-02-14T15:01:59","date_gmt":"2025-02-14T15:01:59","guid":{"rendered":"https:\/\/fagordigitalsuite.com\/why-fds\/"},"modified":"2025-05-29T15:06:48","modified_gmt":"2025-05-29T14:06:48","slug":"why-fds","status":"publish","type":"page","link":"https:\/\/fagordigitalsuite.com\/it\/why-fds\/","title":{"rendered":"Why FDS"},"content":{"rendered":"\t\t<div data-elementor-type=\"wp-page\" data-elementor-id=\"2731\" class=\"elementor elementor-2731 elementor-188\">\n\t\t\t\t<div class=\"aux-parallax-section elementor-element elementor-element-283c5b6 e-flex e-con-boxed e-con e-parent\" data-id=\"283c5b6\" data-element_type=\"container\">\n\t\t\t\t\t<div class=\"e-con-inner\">\n\t\t\t\t<div class=\"elementor-element elementor-element-41c4ba3 elementor-widget elementor-widget-aux_template\" data-id=\"41c4ba3\" data-element_type=\"widget\" data-widget_type=\"aux_template.default\">\n\t\t\t\t<div class=\"elementor-widget-container\">\n\t\t\t\t\t        <div class=\"elementor-template\">\n            \t\t<div data-elementor-type=\"page\" data-elementor-id=\"2471\" class=\"elementor elementor-2471\">\n\t\t\t\t<div class=\"aux-parallax-section elementor-element elementor-element-d455bbc e-con-full e-flex e-con e-parent\" data-id=\"d455bbc\" data-element_type=\"container\">\n\t\t<div class=\"elementor-element elementor-element-d9f80d3 e-flex e-con-boxed e-con e-child\" data-id=\"d9f80d3\" data-element_type=\"container\">\n\t\t\t\t\t<div class=\"e-con-inner\">\n\t\t\t\t<div class=\"elementor-element elementor-element-078b589 elementor-widget elementor-widget-aux_breadcrumbs\" data-id=\"078b589\" data-element_type=\"widget\" data-widget_type=\"aux_breadcrumbs.default\">\n\t\t\t\t<div class=\"elementor-widget-container\">\n\t\t\t\t\t<div class=\"aux-elementor-breadcrumbs\"><p class=\"aux-breadcrumbs\"><span><span><a href=\"https:\/\/fagordigitalsuite.com\/it\/\">Home<\/a><\/span><\/span><\/p><\/div>\t\t\t\t<\/div>\n\t\t\t\t<\/div>\n\t\t\t\t<div class=\"elementor-element elementor-element-d76760a elementor-widget elementor-widget-image\" data-id=\"d76760a\" data-element_type=\"widget\" data-widget_type=\"image.default\">\n\t\t\t\t<div class=\"elementor-widget-container\">\n\t\t\t\t\t\t\t\t\t\t\t\t\t\t\t<img decoding=\"async\" src=\"https:\/\/fagordigitalsuite.com\/wp-content\/uploads\/elementor\/thumbs\/logo-fds-r64y2lxbdilqtyin8dk6oq3nt61emms9zygu8152dm.png\" title=\"logo-fds\" alt=\"logo-fds\" loading=\"lazy\" \/>\t\t\t\t\t\t\t\t\t\t\t\t\t\t\t<\/div>\n\t\t\t\t<\/div>\n\t\t\t\t<div class=\"elementor-element elementor-element-b694966 elementor-widget elementor-widget-aux_post_title\" data-id=\"b694966\" data-element_type=\"widget\" data-widget_type=\"aux_post_title.default\">\n\t\t\t\t<div class=\"elementor-widget-container\">\n\t\t\t\t\t<h1 class=\"entry-title\">Why FDS<\/h1>\t\t\t\t<\/div>\n\t\t\t\t<\/div>\n\t\t\t\t\t<\/div>\n\t\t\t\t<\/div>\n\t\t\t\t<\/div>\n\t\t\t\t<\/div>\n\t\t        <\/div>\n        \t\t\t\t<\/div>\n\t\t\t\t<\/div>\n\t\t\t\t\t<\/div>\n\t\t\t\t<\/div>\n\t\t<div class=\"aux-parallax-section elementor-element elementor-element-fe457ac e-flex e-con-boxed e-con e-parent\" data-id=\"fe457ac\" data-element_type=\"container\" data-settings=\"{&quot;background_background&quot;:&quot;classic&quot;}\">\n\t\t\t\t\t<div class=\"e-con-inner\">\n\t\t<div class=\"elementor-element elementor-element-10a40c0 e-con-full e-flex e-con e-child\" data-id=\"10a40c0\" data-element_type=\"container\">\n\t\t\t\t<div class=\"elementor-element elementor-element-9d64a71 aux-appear-watch-animation aux-fade-in-up elementor-widget elementor-widget-text-editor\" data-id=\"9d64a71\" data-element_type=\"widget\" data-widget_type=\"text-editor.default\">\n\t\t\t\t<div class=\"elementor-widget-container\">\n\t\t\t\t\t\t\t\t\t<p><b>Seamless data.<br \/>Smarter decisions.<br \/>Scalable solutions.<\/b><\/p>\t\t\t\t\t\t\t\t<\/div>\n\t\t\t\t<\/div>\n\t\t\t\t<div class=\"elementor-element elementor-element-d3a8bc5 aux-appear-watch-animation aux-fade-in-right elementor-widget elementor-widget-text-editor\" data-id=\"d3a8bc5\" data-element_type=\"widget\" data-widget_type=\"text-editor.default\">\n\t\t\t\t<div class=\"elementor-widget-container\">\n\t\t\t\t\t\t\t\t\t<div class=\"aux-bus2-title-divider\">\u00a0<\/div>\t\t\t\t\t\t\t\t<\/div>\n\t\t\t\t<\/div>\n\t\t\t\t<div class=\"elementor-element elementor-element-70c9a36 aux-appear-watch-animation aux-fade-in-up elementor-widget elementor-widget-text-editor\" data-id=\"70c9a36\" data-element_type=\"widget\" data-widget_type=\"text-editor.default\">\n\t\t\t\t<div class=\"elementor-widget-container\">\n\t\t\t\t\t\t\t\t\t<p><b><span data-sheets-root=\"1\">Fagor Digital Suite nasce da chi siamo.<\/span><br \/><\/b>Una soluzione digitale che riflette i valori che definiscono Fagor Automation:<\/p>\t\t\t\t\t\t\t\t<\/div>\n\t\t\t\t<\/div>\n\t\t\t\t<\/div>\n\t\t<div class=\"elementor-element elementor-element-cfb91b6 aux-appear-watch-animation aux-mask-from-left e-con-full e-flex e-con e-child\" data-id=\"cfb91b6\" data-element_type=\"container\">\n\t\t\t\t<div class=\"elementor-element elementor-element-fbc13d3 elementor-position-left elementor-vertical-align-middle elementor-view-default elementor-mobile-position-top elementor-widget elementor-widget-icon-box\" data-id=\"fbc13d3\" data-element_type=\"widget\" data-widget_type=\"icon-box.default\">\n\t\t\t\t<div class=\"elementor-widget-container\">\n\t\t\t\t\t\t\t<div class=\"elementor-icon-box-wrapper\">\n\n\t\t\t\t\t\t<div class=\"elementor-icon-box-icon\">\n\t\t\t\t<span  class=\"elementor-icon\">\n\t\t\t\t<i aria-hidden=\"true\" class=\"auxicon2 auxicon2-check-mark-1\"><\/i>\t\t\t\t<\/span>\n\t\t\t<\/div>\n\t\t\t\n\t\t\t\t\t\t<div class=\"elementor-icon-box-content\">\n\n\t\t\t\t\n\t\t\t\t\t\t\t\t\t<p class=\"elementor-icon-box-description\">\n\t\t\t\t\t\tL\u2019esperienza e il know-how di chi conosce davvero l\u2019industria\t\t\t\t\t<\/p>\n\t\t\t\t\n\t\t\t<\/div>\n\t\t\t\n\t\t<\/div>\n\t\t\t\t\t\t<\/div>\n\t\t\t\t<\/div>\n\t\t\t\t<div class=\"elementor-element elementor-element-94c2337 elementor-position-left elementor-vertical-align-middle elementor-view-default elementor-mobile-position-top elementor-widget elementor-widget-icon-box\" data-id=\"94c2337\" data-element_type=\"widget\" data-widget_type=\"icon-box.default\">\n\t\t\t\t<div class=\"elementor-widget-container\">\n\t\t\t\t\t\t\t<div class=\"elementor-icon-box-wrapper\">\n\n\t\t\t\t\t\t<div class=\"elementor-icon-box-icon\">\n\t\t\t\t<span  class=\"elementor-icon\">\n\t\t\t\t<i aria-hidden=\"true\" class=\"auxicon2 auxicon2-check-mark-1\"><\/i>\t\t\t\t<\/span>\n\t\t\t<\/div>\n\t\t\t\n\t\t\t\t\t\t<div class=\"elementor-icon-box-content\">\n\n\t\t\t\t\n\t\t\t\t\t\t\t\t\t<p class=\"elementor-icon-box-description\">\n\t\t\t\t\t\tSoluzioni che massimizzano l\u2019investimento nelle tue macchine\t\t\t\t\t<\/p>\n\t\t\t\t\n\t\t\t<\/div>\n\t\t\t\n\t\t<\/div>\n\t\t\t\t\t\t<\/div>\n\t\t\t\t<\/div>\n\t\t\t\t<div class=\"elementor-element elementor-element-0bafd37 elementor-position-left elementor-vertical-align-middle elementor-view-default elementor-mobile-position-top elementor-widget elementor-widget-icon-box\" data-id=\"0bafd37\" data-element_type=\"widget\" data-widget_type=\"icon-box.default\">\n\t\t\t\t<div class=\"elementor-widget-container\">\n\t\t\t\t\t\t\t<div class=\"elementor-icon-box-wrapper\">\n\n\t\t\t\t\t\t<div class=\"elementor-icon-box-icon\">\n\t\t\t\t<span  class=\"elementor-icon\">\n\t\t\t\t<i aria-hidden=\"true\" class=\"auxicon2 auxicon2-check-mark-1\"><\/i>\t\t\t\t<\/span>\n\t\t\t<\/div>\n\t\t\t\n\t\t\t\t\t\t<div class=\"elementor-icon-box-content\">\n\n\t\t\t\t\n\t\t\t\t\t\t\t\t\t<p class=\"elementor-icon-box-description\">\n\t\t\t\t\t\tFlessibilit\u00e0 e modularit\u00e0 progettate per adattarsi a ogni ambiente\t\t\t\t\t<\/p>\n\t\t\t\t\n\t\t\t<\/div>\n\t\t\t\n\t\t<\/div>\n\t\t\t\t\t\t<\/div>\n\t\t\t\t<\/div>\n\t\t\t\t<div class=\"elementor-element elementor-element-16f2524 elementor-position-left elementor-vertical-align-middle elementor-view-default elementor-mobile-position-top elementor-widget elementor-widget-icon-box\" data-id=\"16f2524\" data-element_type=\"widget\" data-widget_type=\"icon-box.default\">\n\t\t\t\t<div class=\"elementor-widget-container\">\n\t\t\t\t\t\t\t<div class=\"elementor-icon-box-wrapper\">\n\n\t\t\t\t\t\t<div class=\"elementor-icon-box-icon\">\n\t\t\t\t<span  class=\"elementor-icon\">\n\t\t\t\t<i aria-hidden=\"true\" class=\"auxicon2 auxicon2-check-mark-1\"><\/i>\t\t\t\t<\/span>\n\t\t\t<\/div>\n\t\t\t\n\t\t\t\t\t\t<div class=\"elementor-icon-box-content\">\n\n\t\t\t\t\n\t\t\t\t\t\t\t\t\t<p class=\"elementor-icon-box-description\">\n\t\t\t\t\t\tVera prossimit\u00e0, con una rete internazionale sempre vicina\t\t\t\t\t<\/p>\n\t\t\t\t\n\t\t\t<\/div>\n\t\t\t\n\t\t<\/div>\n\t\t\t\t\t\t<\/div>\n\t\t\t\t<\/div>\n\t\t\t\t<\/div>\n\t\t\t\t\t<\/div>\n\t\t\t\t<\/div>\n\t\t<div class=\"aux-parallax-section elementor-element elementor-element-063600d e-flex e-con-boxed e-con e-parent\" data-id=\"063600d\" data-element_type=\"container\" data-settings=\"{&quot;background_background&quot;:&quot;slideshow&quot;,&quot;background_slideshow_gallery&quot;:[{&quot;id&quot;:500,&quot;url&quot;:&quot;http:\\\/\\\/fagordigitalsuite.com\\\/wp-content\\\/uploads\\\/2025\\\/02\\\/fondo-taller.jpg&quot;}],&quot;background_slideshow_loop&quot;:&quot;yes&quot;,&quot;background_slideshow_slide_duration&quot;:5000,&quot;background_slideshow_slide_transition&quot;:&quot;fade&quot;,&quot;background_slideshow_transition_duration&quot;:500}\">\n\t\t\t\t\t<div class=\"e-con-inner\">\n\t\t<div class=\"elementor-element elementor-element-f7cf411 e-con-full e-flex e-con e-child\" data-id=\"f7cf411\" data-element_type=\"container\">\n\t\t\t\t<div class=\"elementor-element elementor-element-60a41d2 elementor-widget__width-inherit elementor-widget elementor-widget-text-editor\" data-id=\"60a41d2\" data-element_type=\"widget\" data-widget_type=\"text-editor.default\">\n\t\t\t\t<div class=\"elementor-widget-container\">\n\t\t\t\t\t\t\t\t\t<p><span data-sheets-root=\"1\">Integrazione fluida senza interruzioni<\/span><\/p>\t\t\t\t\t\t\t\t<\/div>\n\t\t\t\t<\/div>\n\t\t\t\t<div class=\"elementor-element elementor-element-1cd2fe7 elementor-widget elementor-widget-text-editor\" data-id=\"1cd2fe7\" data-element_type=\"widget\" data-widget_type=\"text-editor.default\">\n\t\t\t\t<div class=\"elementor-widget-container\">\n\t\t\t\t\t\t\t\t\t<p><span data-sheets-root=\"1\">Monitora, analizza e ottimizza la tua produzione in tempo reale con <\/span><strong data-start=\"109\" data-end=\"132\">Fagor Digital Suite<\/strong>.<\/p>\t\t\t\t\t\t\t\t<\/div>\n\t\t\t\t<\/div>\n\t\t\t\t<div class=\"elementor-element elementor-element-62232b5 elementor-widget elementor-widget-text-editor\" data-id=\"62232b5\" data-element_type=\"widget\" data-widget_type=\"text-editor.default\">\n\t\t\t\t<div class=\"elementor-widget-container\">\n\t\t\t\t\t\t\t\t\t<p><span data-sheets-root=\"1\"><strong>Richiedi una demo ora<\/strong> e aumenta la tua efficienza.<\/span><\/p>\t\t\t\t\t\t\t\t<\/div>\n\t\t\t\t<\/div>\n\t\t\t\t<\/div>\n\t\t<div class=\"elementor-element elementor-element-4000beb e-grid e-con-full e-con e-child\" data-id=\"4000beb\" data-element_type=\"container\">\n\t\t\t\t<div class=\"elementor-element elementor-element-409e5a7 aux-appear-watch-animation aux-fade-in-up elementor-widget elementor-widget-aux_button\" data-id=\"409e5a7\" data-element_type=\"widget\" data-widget_type=\"aux_button.default\">\n\t\t\t\t<div class=\"elementor-widget-container\">\n\t\t\t\t\t<a  href=\"https:\/\/fagordigitalsuite.com\/free-trial\/\" target=\"_self\"   class=\"aux-button aux-medium aux-carmine-pink aux-curve aux-none aux-uppercase\" ><span class=\"aux-overlay\"><\/span><span class=\"aux-text\">FREE TRIAL<\/span><\/a>\t\t\t\t<\/div>\n\t\t\t\t<\/div>\n\t\t\t\t<div class=\"elementor-element elementor-element-a22f8c5 aux-appear-watch-animation aux-fade-in-up elementor-widget elementor-widget-aux_button\" data-id=\"a22f8c5\" data-element_type=\"widget\" data-widget_type=\"aux_button.default\">\n\t\t\t\t<div class=\"elementor-widget-container\">\n\t\t\t\t\t<a  href=\"https:\/\/fagordigitalsuite.com\/book-a-demo\/\" target=\"_self\"   class=\"aux-button aux-medium aux-carmine-pink aux-curve aux-none aux-uppercase\" ><span class=\"aux-overlay\"><\/span><span class=\"aux-text\">BOOK A DEMO<\/span><\/a>\t\t\t\t<\/div>\n\t\t\t\t<\/div>\n\t\t\t\t<\/div>\n\t\t\t\t\t<\/div>\n\t\t\t\t<\/div>\n\t\t\t\t<\/div>\n\t\t","protected":false},"excerpt":{"rendered":"<p>Seamless data.Smarter decisions.Scalable solutions. \u00a0 Fagor Digital Suite nasce da chi siamo.Una soluzione digitale che riflette i valori che definiscono Fagor Automation: L\u2019esperienza e il know-how di chi conosce davvero l\u2019industria Soluzioni che massimizzano l\u2019investimento nelle tue macchine Flessibilit\u00e0 e modularit\u00e0 progettate per adattarsi a ogni ambiente Vera prossimit\u00e0, con una rete internazionale sempre vicina [&hellip;]<\/p>\n","protected":false},"author":1,"featured_media":0,"parent":0,"menu_order":0,"comment_status":"closed","ping_status":"closed","template":"elementor_header_footer","meta":{"footnotes":""},"class_list":["post-2731","page","type-page","status-publish","hentry"],"yoast_head":"<!-- This site is optimized with the Yoast SEO plugin v27.3 - https:\/\/yoast.com\/product\/yoast-seo-wordpress\/ -->\n<title>Why FDS - Fagor Digital Suite<\/title>\n<meta name=\"robots\" content=\"index, follow, max-snippet:-1, max-image-preview:large, max-video-preview:-1\" \/>\n<link rel=\"canonical\" href=\"https:\/\/fagordigitalsuite.com\/it\/why-fds\/\" \/>\n<meta property=\"og:locale\" content=\"it_IT\" \/>\n<meta property=\"og:type\" content=\"article\" \/>\n<meta property=\"og:title\" content=\"Why FDS - Fagor Digital Suite\" \/>\n<meta property=\"og:description\" content=\"Seamless data.Smarter decisions.Scalable solutions. \u00a0 Fagor Digital Suite nasce da chi siamo.Una soluzione digitale che riflette i valori che definiscono Fagor Automation: L\u2019esperienza e il know-how di chi conosce davvero l\u2019industria Soluzioni che massimizzano l\u2019investimento nelle tue macchine Flessibilit\u00e0 e modularit\u00e0 progettate per adattarsi a ogni ambiente Vera prossimit\u00e0, con una rete internazionale sempre vicina [&hellip;]\" \/>\n<meta property=\"og:url\" content=\"https:\/\/fagordigitalsuite.com\/it\/why-fds\/\" \/>\n<meta property=\"og:site_name\" content=\"Fagor Digital Suite\" \/>\n<meta property=\"article:modified_time\" content=\"2025-05-29T14:06:48+00:00\" \/>\n<meta name=\"twitter:card\" content=\"summary_large_image\" \/>\n<meta name=\"twitter:label1\" content=\"Tempo di lettura stimato\" \/>\n\t<meta name=\"twitter:data1\" content=\"1 minuto\" \/>\n<script type=\"application\/ld+json\" class=\"yoast-schema-graph\">{\"@context\":\"https:\\\/\\\/schema.org\",\"@graph\":[{\"@type\":\"WebPage\",\"@id\":\"https:\\\/\\\/fagordigitalsuite.com\\\/it\\\/why-fds\\\/\",\"url\":\"https:\\\/\\\/fagordigitalsuite.com\\\/it\\\/why-fds\\\/\",\"name\":\"Why FDS - Fagor Digital Suite\",\"isPartOf\":{\"@id\":\"https:\\\/\\\/fagordigitalsuite.com\\\/es\\\/#website\"},\"datePublished\":\"2025-02-14T15:01:59+00:00\",\"dateModified\":\"2025-05-29T14:06:48+00:00\",\"breadcrumb\":{\"@id\":\"https:\\\/\\\/fagordigitalsuite.com\\\/it\\\/why-fds\\\/#breadcrumb\"},\"inLanguage\":\"it-IT\",\"potentialAction\":[{\"@type\":\"ReadAction\",\"target\":[\"https:\\\/\\\/fagordigitalsuite.com\\\/it\\\/why-fds\\\/\"]}]},{\"@type\":\"BreadcrumbList\",\"@id\":\"https:\\\/\\\/fagordigitalsuite.com\\\/it\\\/why-fds\\\/#breadcrumb\",\"itemListElement\":[{\"@type\":\"ListItem\",\"position\":1,\"name\":\"Home\",\"item\":\"https:\\\/\\\/fagordigitalsuite.com\\\/it\\\/\"},{\"@type\":\"ListItem\",\"position\":2,\"name\":\"Why FDS\"}]},{\"@type\":\"WebSite\",\"@id\":\"https:\\\/\\\/fagordigitalsuite.com\\\/es\\\/#website\",\"url\":\"https:\\\/\\\/fagordigitalsuite.com\\\/es\\\/\",\"name\":\"Fagor Digital Suite\",\"description\":\"Fagor Digital Suite\",\"potentialAction\":[{\"@type\":\"SearchAction\",\"target\":{\"@type\":\"EntryPoint\",\"urlTemplate\":\"https:\\\/\\\/fagordigitalsuite.com\\\/es\\\/?s={search_term_string}\"},\"query-input\":{\"@type\":\"PropertyValueSpecification\",\"valueRequired\":true,\"valueName\":\"search_term_string\"}}],\"inLanguage\":\"it-IT\"}]}<\/script>\n<!-- \/ Yoast SEO plugin. -->","yoast_head_json":{"title":"Why FDS - Fagor Digital Suite","robots":{"index":"index","follow":"follow","max-snippet":"max-snippet:-1","max-image-preview":"max-image-preview:large","max-video-preview":"max-video-preview:-1"},"canonical":"https:\/\/fagordigitalsuite.com\/it\/why-fds\/","og_locale":"it_IT","og_type":"article","og_title":"Why FDS - Fagor Digital Suite","og_description":"Seamless data.Smarter decisions.Scalable solutions. \u00a0 Fagor Digital Suite nasce da chi siamo.Una soluzione digitale che riflette i valori che definiscono Fagor Automation: L\u2019esperienza e il know-how di chi conosce davvero l\u2019industria Soluzioni che massimizzano l\u2019investimento nelle tue macchine Flessibilit\u00e0 e modularit\u00e0 progettate per adattarsi a ogni ambiente Vera prossimit\u00e0, con una rete internazionale sempre vicina [&hellip;]","og_url":"https:\/\/fagordigitalsuite.com\/it\/why-fds\/","og_site_name":"Fagor Digital Suite","article_modified_time":"2025-05-29T14:06:48+00:00","twitter_card":"summary_large_image","twitter_misc":{"Tempo di lettura stimato":"1 minuto"},"schema":{"@context":"https:\/\/schema.org","@graph":[{"@type":"WebPage","@id":"https:\/\/fagordigitalsuite.com\/it\/why-fds\/","url":"https:\/\/fagordigitalsuite.com\/it\/why-fds\/","name":"Why FDS - Fagor Digital Suite","isPartOf":{"@id":"https:\/\/fagordigitalsuite.com\/es\/#website"},"datePublished":"2025-02-14T15:01:59+00:00","dateModified":"2025-05-29T14:06:48+00:00","breadcrumb":{"@id":"https:\/\/fagordigitalsuite.com\/it\/why-fds\/#breadcrumb"},"inLanguage":"it-IT","potentialAction":[{"@type":"ReadAction","target":["https:\/\/fagordigitalsuite.com\/it\/why-fds\/"]}]},{"@type":"BreadcrumbList","@id":"https:\/\/fagordigitalsuite.com\/it\/why-fds\/#breadcrumb","itemListElement":[{"@type":"ListItem","position":1,"name":"Home","item":"https:\/\/fagordigitalsuite.com\/it\/"},{"@type":"ListItem","position":2,"name":"Why FDS"}]},{"@type":"WebSite","@id":"https:\/\/fagordigitalsuite.com\/es\/#website","url":"https:\/\/fagordigitalsuite.com\/es\/","name":"Fagor Digital Suite","description":"Fagor Digital Suite","potentialAction":[{"@type":"SearchAction","target":{"@type":"EntryPoint","urlTemplate":"https:\/\/fagordigitalsuite.com\/es\/?s={search_term_string}"},"query-input":{"@type":"PropertyValueSpecification","valueRequired":true,"valueName":"search_term_string"}}],"inLanguage":"it-IT"}]}},"_links":{"self":[{"href":"https:\/\/fagordigitalsuite.com\/it\/wp-json\/wp\/v2\/pages\/2731","targetHints":{"allow":["GET"]}}],"collection":[{"href":"https:\/\/fagordigitalsuite.com\/it\/wp-json\/wp\/v2\/pages"}],"about":[{"href":"https:\/\/fagordigitalsuite.com\/it\/wp-json\/wp\/v2\/types\/page"}],"author":[{"embeddable":true,"href":"https:\/\/fagordigitalsuite.com\/it\/wp-json\/wp\/v2\/users\/1"}],"replies":[{"embeddable":true,"href":"https:\/\/fagordigitalsuite.com\/it\/wp-json\/wp\/v2\/comments?post=2731"}],"version-history":[{"count":13,"href":"https:\/\/fagordigitalsuite.com\/it\/wp-json\/wp\/v2\/pages\/2731\/revisions"}],"predecessor-version":[{"id":3162,"href":"https:\/\/fagordigitalsuite.com\/it\/wp-json\/wp\/v2\/pages\/2731\/revisions\/3162"}],"wp:attachment":[{"href":"https:\/\/fagordigitalsuite.com\/it\/wp-json\/wp\/v2\/media?parent=2731"}],"curies":[{"name":"wp","href":"https:\/\/api.w.org\/{rel}","templated":true}]}}